{"id":62,"date":"2016-05-27T09:52:52","date_gmt":"2016-05-27T08:52:52","guid":{"rendered":"http:\/\/abbc28.fr\/?page_id=62"},"modified":"2025-09-24T21:50:28","modified_gmt":"2025-09-24T20:50:28","slug":"tarifs-et-conditions","status":"publish","type":"page","link":"http:\/\/abbc28.fr\/?page_id=62","title":{"rendered":"Tarifs et conditions"},"content":{"rendered":"\n<p><strong>Tarifs pour la <\/strong><strong>saison 2025-2026 :<\/strong><\/p>\n\n\n\n<ul class=\"wp-block-list\">\n<li><strong>Adultes&nbsp;:<\/strong> 105&nbsp;\u20acuros<\/li>\n\n\n\n<li><strong>Jeunes de 9-17 ans :<\/strong> 95&nbsp; \u20acuros<\/li>\n\n\n\n<li><strong>Enfants de 6-8 ans :<\/strong> 55 \u20acuros<\/li>\n<\/ul>\n\n\n\n<p><strong>R\u00e9duction pour famille \u00e0 partir de deux personnes&nbsp;:<\/strong><\/p>\n\n\n\n<ul class=\"wp-block-list\">\n<li>10 euros de remise si 2 membres de la famille inscrits<\/li>\n\n\n\n<li>20 euros de remise si 3 membres de la famille inscrits<\/li>\n<\/ul>\n\n\n\n<p><strong>Inscriptions 2025-2026 :<\/strong><\/p>\n\n\n\n<p>Voici la liste des dates d\u2019inscriptions pour la prochaine saison :<\/p>\n\n\n\n<p>\u2013 Forum des associations le 6 septembre 2025 de 10h \u00e0 17h au Dianetum d &lsquo;ANET<br>\u2013 Forum des associations le 14 septembre 2025 de 10h \u00e0 15 h \u00e0 la salle des f\u00eates de BU.<br>\u2013 Lors de tous les cr\u00e9neaux \u00e0 Anet ou \u00e0 B\u00fb de la saison 2025\/2026. <a href=\"http:\/\/abbc28.fr\/creneaux\/horaires\/\">Cr\u00e9neaux horaires<\/a><\/p>\n\n\n\n<p><strong>Pour les primos licenci\u00e9s, 2 s\u00e9ances d&rsquo;essaies sont autoris\u00e9es lors des cr\u00e9neaux de jeu \u00e0 Anet ou \u00e0 B\u00fb.<br>Pour les pr\u00e9c\u00e9dents licenci\u00e9s, pas de s\u00e9ances d&rsquo;essaies possible. Inscription obligatoire avant de pouvoir jouer<\/strong>.<\/p>\n\n\n\n<p><strong>Conditions :<\/strong><\/p>\n\n\n\n<p>Pour plus d&rsquo;informations suivre le lien :<\/p>\n\n\n\n<p><a href=\"http:\/\/www.ffbad.org\/espaces-dedies\/licencies\/comment-se-licencier\/\" target=\"_blank\" rel=\"noreferrer noopener\">http:\/\/www.ffbad.org\/espaces-dedies\/licencies\/comment-se-licencier\/<\/a><\/p>\n\n\n\n<p><strong>Paiement possible en coupons sport, mais seulement ceux de l&rsquo;ANCV sont accept\u00e9s.<\/strong><\/p>\n\n\n\n<figure class=\"wp-block-image size-large is-resized\"><img loading=\"lazy\" decoding=\"async\" width=\"842\" height=\"1024\" src=\"http:\/\/abbc28.fr\/wp-content\/uploads\/2018\/12\/ancv-cs-842x1024.jpg\" alt=\"\" class=\"wp-image-933\" style=\"width:269px;height:328px\" srcset=\"http:\/\/abbc28.fr\/wp-content\/uploads\/2018\/12\/ancv-cs-842x1024.jpg 842w, http:\/\/abbc28.fr\/wp-content\/uploads\/2018\/12\/ancv-cs-247x300.jpg 247w, http:\/\/abbc28.fr\/wp-content\/uploads\/2018\/12\/ancv-cs-768x934.jpg 768w, http:\/\/abbc28.fr\/wp-content\/uploads\/2018\/12\/ancv-cs.jpg 1058w\" sizes=\"auto, (max-width: 842px) 100vw, 842px\" \/><\/figure>\n\n\n\n<figure class=\"wp-block-image size-large is-resized\"><a href=\"https:\/\/www.pass.sports.gouv.fr\/?mtm_campaign=2023-08-14-Informer-Display-MIN.SPORTS-PassSports-548494&amp;mtm_source=Facebook&amp;mtm_medium=Display&amp;mtm_content=P-LinkAd-1x1-Generique&amp;mtm_cid=3090573&amp;mtm_group=0x0&amp;mtm_placement=R-Trafic-dCPM-Facebook-Jeunes-SocioDemo-Etudiant-LinkAd-1x1-Multidevice&amp;adfcd=1692695420.Is1uSH-FCUmIWvjxV8_VLw.Mjg2NzM2MCwxOTE2MjEy\"><img loading=\"lazy\" decoding=\"async\" width=\"1024\" height=\"1024\" src=\"http:\/\/abbc28.fr\/wp-content\/uploads\/2023\/08\/image-1024x1024.png\" alt=\"\" class=\"wp-image-1863\" style=\"width:259px;height:259px\" srcset=\"http:\/\/abbc28.fr\/wp-content\/uploads\/2023\/08\/image-1024x1024.png 1024w, http:\/\/abbc28.fr\/wp-content\/uploads\/2023\/08\/image-300x300.png 300w, http:\/\/abbc28.fr\/wp-content\/uploads\/2023\/08\/image-150x150.png 150w, http:\/\/abbc28.fr\/wp-content\/uploads\/2023\/08\/image-768x768.png 768w, http:\/\/abbc28.fr\/wp-content\/uploads\/2023\/08\/image.png 1080w\" sizes=\"auto, (max-width: 1024px) 100vw, 1024px\" \/><\/a><\/figure>\n","protected":false},"excerpt":{"rendered":"<p>Tarifs pour la saison 2025-2026 : R\u00e9duction pour famille \u00e0 partir de deux personnes&nbsp;: Inscriptions 2025-2026 : Voici la liste<\/p>\n","protected":false},"author":2,"featured_media":0,"parent":60,"menu_order":1,"comment_status":"closed","ping_status":"closed","template":"","meta":{"colormag_page_layout":"default_layout","footnotes":""},"class_list":["post-62","page","type-page","status-publish","hentry"],"_links":{"self":[{"href":"http:\/\/abbc28.fr\/index.php?rest_route=\/wp\/v2\/pages\/62","targetHints":{"allow":["GET"]}}],"collection":[{"href":"http:\/\/abbc28.fr\/index.php?rest_route=\/wp\/v2\/pages"}],"about":[{"href":"http:\/\/abbc28.fr\/index.php?rest_route=\/wp\/v2\/types\/page"}],"author":[{"embeddable":true,"href":"http:\/\/abbc28.fr\/index.php?rest_route=\/wp\/v2\/users\/2"}],"replies":[{"embeddable":true,"href":"http:\/\/abbc28.fr\/index.php?rest_route=%2Fwp%2Fv2%2Fcomments&post=62"}],"version-history":[{"count":39,"href":"http:\/\/abbc28.fr\/index.php?rest_route=\/wp\/v2\/pages\/62\/revisions"}],"predecessor-version":[{"id":2061,"href":"http:\/\/abbc28.fr\/index.php?rest_route=\/wp\/v2\/pages\/62\/revisions\/2061"}],"up":[{"embeddable":true,"href":"http:\/\/abbc28.fr\/index.php?rest_route=\/wp\/v2\/pages\/60"}],"wp:attachment":[{"href":"http:\/\/abbc28.fr\/index.php?rest_route=%2Fwp%2Fv2%2Fmedia&parent=62"}],"curies":[{"name":"wp","href":"https:\/\/api.w.org\/{rel}","templated":true}]}}