{"id":48,"date":"2016-05-27T09:23:09","date_gmt":"2016-05-27T08:23:09","guid":{"rendered":"http:\/\/abbc28.fr\/?page_id=48"},"modified":"2024-08-16T10:15:30","modified_gmt":"2024-08-16T09:15:30","slug":"horaires","status":"publish","type":"page","link":"http:\/\/abbc28.fr\/?page_id=48","title":{"rendered":"Horaires"},"content":{"rendered":"<div class=\"padd-post-item-entry\">\n<div class=\"texte\">\n<p>Six cr\u00e9neaux sont disponibles, ils sont r\u00e9partis dans les deux gymnases (Anet et B\u00fb).<\/p>\n<p style=\"text-align: left;\"><span style=\"color: #000000;\"><strong>Gymnase d\u2019Anet\u00a0:\u00a0 <span style=\"color: #ff0000;\">* sauf les semaines de vacances scolaires<\/span><\/strong><\/span><\/p>\n<p>\u2192 Le mardi de 18h \u00e0 19h50 (jeu libre adultes).<strong><span style=\"color: #ff0000;\">*<\/span><\/strong><\/p>\n<p>\u2192 Le vendredi de 19h30 \u00e0 21h50h (jeu libre adultes).<span style=\"color: #ff0000;\"><strong>*<\/strong><\/span><\/p>\n<p>\u2192 Le samedi de 14h30 \u00e0 15h30 (entrainement Mini Bad).<span style=\"color: #ff0000;\"><strong>*<\/strong><\/span><\/p>\n<p>\u2192 Le samedi de 14h30 \u00e0 17h (entrainement jeunes).<span style=\"color: #ff0000;\"><strong>*<\/strong><\/span><\/p>\n<p>\u2192 Le dimanche de 9h30 \u00e0 12h00 (ouvert \u00e0 tous les licenci\u00e9s).<span style=\"color: #ff0000;\"><strong>*<\/strong><\/span><\/p>\n<\/div>\n<div class=\"texte\">\n<p><span style=\"color: #000000;\"><strong>Gymnase de B\u00fb\u00a0:\u00a0 <span style=\"color: #ff0000;\">* sauf les semaines de vacances scolaires<\/span><\/strong><\/span><\/p>\n<p>\u2192 Le Mercredi de 20h30 \u00e0 21h50 : PERFECTIONNEMENT Adultes &#8211; accessible \u00e0 tous.<span style=\"color: #ff0000;\"><strong>*<\/strong><\/span><\/p>\n<p>\u2192 Le jeudi de 20h \u00e0 21h50 (Jeu libre adultes). en alternance avec RENCONTRES INTERCLUBS.<span style=\"color: #ff0000;\"><strong>*<\/strong><\/span><\/p>\n<\/div>\n<\/div>\n","protected":false},"excerpt":{"rendered":"<p>Six cr\u00e9neaux sont disponibles, ils sont r\u00e9partis dans les deux gymnases (Anet et B\u00fb). Gymnase d\u2019Anet\u00a0:\u00a0 * sauf les semaines<\/p>\n","protected":false},"author":2,"featured_media":0,"parent":46,"menu_order":1,"comment_status":"closed","ping_status":"closed","template":"","meta":{"colormag_page_layout":"default_layout","footnotes":""},"class_list":["post-48","page","type-page","status-publish","hentry"],"_links":{"self":[{"href":"http:\/\/abbc28.fr\/index.php?rest_route=\/wp\/v2\/pages\/48","targetHints":{"allow":["GET"]}}],"collection":[{"href":"http:\/\/abbc28.fr\/index.php?rest_route=\/wp\/v2\/pages"}],"about":[{"href":"http:\/\/abbc28.fr\/index.php?rest_route=\/wp\/v2\/types\/page"}],"author":[{"embeddable":true,"href":"http:\/\/abbc28.fr\/index.php?rest_route=\/wp\/v2\/users\/2"}],"replies":[{"embeddable":true,"href":"http:\/\/abbc28.fr\/index.php?rest_route=%2Fwp%2Fv2%2Fcomments&post=48"}],"version-history":[{"count":26,"href":"http:\/\/abbc28.fr\/index.php?rest_route=\/wp\/v2\/pages\/48\/revisions"}],"predecessor-version":[{"id":1924,"href":"http:\/\/abbc28.fr\/index.php?rest_route=\/wp\/v2\/pages\/48\/revisions\/1924"}],"up":[{"embeddable":true,"href":"http:\/\/abbc28.fr\/index.php?rest_route=\/wp\/v2\/pages\/46"}],"wp:attachment":[{"href":"http:\/\/abbc28.fr\/index.php?rest_route=%2Fwp%2Fv2%2Fmedia&parent=48"}],"curies":[{"name":"wp","href":"https:\/\/api.w.org\/{rel}","templated":true}]}}