{"id":42,"date":"2016-05-27T09:20:32","date_gmt":"2016-05-27T08:20:32","guid":{"rendered":"http:\/\/abbc28.fr\/?page_id=42"},"modified":"2016-05-27T09:20:32","modified_gmt":"2016-05-27T08:20:32","slug":"les-regles-du-jeu","status":"publish","type":"page","link":"http:\/\/abbc28.fr\/?page_id=42","title":{"rendered":"Les r\u00e8gles du jeu"},"content":{"rendered":"<div class=\"padd-post-item-entry\">\n<div class=\"texte\">\n<p>Le Badminton est un sport \u00e0 la base relativement simple, agr\u00e9ment\u00e9 par la suite de r\u00e8gles plus rigoureuses mettant du piment \u00e0 la pratique de ce sport.<br class=\"autobr\" \/> Il s\u2019agit avant tout de faire tomber le volant dans le terrain de l\u2019adversaire, c\u2019est-\u00e0-dire de l\u2019autre c\u00f4t\u00e9 du filet et dans les limites d\u00e9finies au sol.<br class=\"autobr\" \/> Tr\u00e8s simple en soi.<\/p>\n<p><span class=\"spip_document_7 spip_documents spip_documents_center\"> <img loading=\"lazy\" decoding=\"async\" class=\"aligncenter\" src=\"http:\/\/abbc.super-h.fr\/local\/cache-vignettes\/L500xH268\/terrain-7675e.jpg\" alt=\"\" width=\"500\" height=\"268\" \/><\/span><\/p>\n<p>Toutefois, \u00e0 mieux y regarder, on peut alors se demander \u00e0 quoi servent toutes ces lignes dessin\u00e9es sur le sol\u00a0?<br class=\"autobr\" \/> Plusieurs cas de figure \u00e0 d\u00e9crire, \u00e0 commencer par le jeu en simple.<\/p>\n<p><strong>R\u00e8gles en simple<\/strong><\/p>\n<p>Au service en simple, le score du serveur fait foi pour le c\u00f4t\u00e9 de service\u00a0: le serveur est dans le carr\u00e9 de droite si son score est pair, z\u00e9ro \u00e9tant consid\u00e9r\u00e9 comme pair, \u00e0 gauche sinon. <br class=\"autobr\" \/> Le service se fait dans le carr\u00e9 de service oppos\u00e9 de l\u2019adversaire\u00a0: on sert donc en diagonal. Les limites sont d\u00e9finies en profondeur par la ligne de service devant et la deuxi\u00e8me ligne de fond de court derri\u00e8re (la plus ext\u00e9rieure du terrain), et par la ligne centrale et la premi\u00e8re ligne de couloir lat\u00e9ral (la plus int\u00e9rieure). <br class=\"autobr\" \/> Pour le reste de l\u2019\u00e9change, les limites du terrain sont le filet au centre et la deuxi\u00e8me ligne de fond de court (la plus ext\u00e9rieure) pour la profondeur, et les premi\u00e8res lignes de couloir lat\u00e9ral (les plus int\u00e9rieures) pour la largeur.<\/p>\n<p><center><span class=\"spip_document_8 spip_documents spip_documents_center\"> <img loading=\"lazy\" decoding=\"async\" src=\"http:\/\/abbc.super-h.fr\/local\/cache-vignettes\/L307xH177\/simple-9cc98.jpg\" alt=\"\" width=\"307\" height=\"177\" \/><\/span><\/center>Autres subtilit\u00e9s du service\u00a0: les deux pieds doivent rester en contact avec le sol, le volant doit \u00eatre frapp\u00e9 sous la taille, le tamis de la raquette doit rester sous la main, le mouvement doit \u00eatre fluide et continu et le serveur doit \u00eatre dans son carr\u00e9 de service (les pieds ne doivent pas toucher la ligne).<\/p>\n<p><strong>R\u00e8gles en double<\/strong><\/p>\n<p>Pour le jeu en double, cela se passe de la mani\u00e8re suivante\u00a0:<br class=\"autobr\" \/> Au service, la r\u00e8gle se complique (nouvelle r\u00e8gle mise en place depuis la saison 2006-2007).<br class=\"autobr\" \/> Au d\u00e9but du set, la r\u00e8gle est inchang\u00e9e\u00a0: le serveur se tient \u00e0 l\u2019int\u00e9rieur de la zone de service droite, faisant face au filet. Le receveur se situe dans la zone de service droite, faisant face au filet, de l\u2019autre c\u00f4t\u00e9 du filet.<br class=\"autobr\" \/> Les partenaires peuvent se placer o\u00f9 ils le d\u00e9sirent sur leur demi-terrain \u00e0 condition de ne pas g\u00eaner le champ de vision du serveur ou du receveur adverse.<\/p>\n<p><center><span class=\"spip_document_9 spip_documents spip_documents_center\"> <img loading=\"lazy\" decoding=\"async\" src=\"http:\/\/abbc.super-h.fr\/local\/cache-vignettes\/L306xH177\/double-11be3.jpg\" alt=\"\" width=\"306\" height=\"177\" \/><\/span><\/center>Le reste du temps pour la position au service, la r\u00e8gle change\u00a0: le serveur se positionne toujours en fonction des points de son \u00e9quipe, donc \u00e0 droite si pair, \u00e0 gauche si impair.<br class=\"autobr\" \/> Pour les habitu\u00e9s, il n\u2019y a plus de deuxi\u00e8me main au service. La r\u00e8gle devient la suivante\u00a0: sur son service, si l\u2019\u00e9quipe gagne, elle marque un point, le serveur reste le m\u00eame et change de c\u00f4t\u00e9\u00a0; si l\u2019\u00e9quipe perd, l\u2019\u00e9quipe adverse marque un point et le serveur est celui qui n\u2019a pas servi la fois pr\u00e9c\u00e9dente o\u00f9 l\u2019\u00e9quipe poss\u00e9dait l\u2019engagement.<br class=\"autobr\" \/> Le serveur se place alors en fonction de son score, selon le m\u00eame principe qu\u2019en simple, l\u2019\u00e9quipe adverse ne bougeant pas par rapport \u00e0 sa position pr\u00e9c\u00e9dente.<\/p>\n<p>Pour les limites, le serveur doit envoyer le volant entre la ligne de service et la premi\u00e8re ligne de fond de court (la plus int\u00e9rieure) pour la profondeur, et entre la ligne centrale et la deuxi\u00e8me ligne de couloir (la plus ext\u00e9rieure) pour la largeur.<br class=\"autobr\" \/> Pour le reste de l\u2019\u00e9change, le volant peut \u00eatre envoy\u00e9 dans la totalit\u00e9 du terrain adverse.<\/p>\n<p><strong>R\u00e8gles communes et d\u00e9compte des points<\/strong><\/p>\n<p>Attention, la nouvelle r\u00e8gle de comptage est le \u00ab\u00a0Rallypoint System\u00a0\u00bb\u00a0: 2 sets gagnants (donc 3 sets jou\u00e9s maximum).<br class=\"autobr\" \/> Les sets se jouent en 21 points et chaque \u00e9change donne un point \u00e0 celui qui le remporte (auparavant, il fallait avoir la mais au service pour scorer).<\/p>\n<p>Un match se dispute en deux sets gagnants.<br class=\"autobr\" \/> Pour les 5 disciplines (Simple Homme, Simple Dame, Double Hommes, Double Dames et Double Mixte), un set est remport\u00e9 par le camp qui atteint en premier 21 points.<\/p>\n<p>Le camp qui gagne l\u2019\u00e9change marque un point (que ce soit lui qui avait le service ou non).<br class=\"autobr\" \/> Si le score atteint 20-\u00e9galit\u00e9, le set est prolong\u00e9, et c\u2019est le camp qui m\u00e8ne avec 2 points d\u2019\u00e9cart qui remporte le set.<br class=\"autobr\" \/> Si le score atteint 29-\u00e9galit\u00e9, le set est remport\u00e9 par le camp qui marque le 30\u00e8me point.<br class=\"autobr\" \/> Le vainqueur d\u2019un set sert en premier au set suivant.<\/p>\n<p>En plus des cas logiques (volant dans ou sous le filet, en dehors des limites du terrain, les lignes faisant partie du terrain), il y a faute si le joueur touche le filet, s\u2019il frappe le volant dans le camp adverse, si le joueur ou l\u2019\u00e9quipe touche le volant deux fois de suite ou enfin s\u2019il y a une tentative d\u00e9lib\u00e9r\u00e9e de distraire ou de g\u00eaner l\u2019adversaire par cri, geste ou tout autre comportement antisportif.<\/p>\n<p><strong>L\u2019\u00e9thique du Badminton<\/strong><\/p>\n<p>Au badminton, un ma\u00eetre mot\u00a0: <strong>La courtoisie<\/strong>\u00a0!<br class=\"autobr\" \/> On s\u2019excuse lorsque l\u2019on fait un bois, une bande, ou lorsque l\u2019on touche un adversaire avec le volant. <br class=\"autobr\" \/> Et ceci n\u2019est pas seulement le cas en comp\u00e9tition, \u00e0 l\u2019entrainement qu\u2019il soit s\u00e9rieux ou non, c\u2019est une r\u00e8gle de base\u00a0!<br class=\"autobr\" \/> Les volants litigieux sont g\u00e9n\u00e9ralement remis.<br class=\"autobr\" \/> Et on redonne toujours le volant \u00e0 l\u2019\u00e9quipe adverse dans de bonnes conditions.<br class=\"autobr\" \/> Il ne faut bien-sur pas insulter ses adversaires, partenaires ou soi-m\u00eame (c\u2019est parfois plus dur\u00a0!), car c\u2019est tr\u00e8s mal vu.<\/p>\n<p><strong>Lors d\u2019un tournoi, certains usages sont aussi \u00e0 respecter\u00a0:<\/strong><\/p>\n<p>A l\u2019annonce de votre nom et votre num\u00e9ro de terrain allez chercher votre feuille de match. C\u2019est souvent \u00e0 cet endroit ou vous rencontrerez votre adversaire. Bien sur, vous lui serrez la main et entamerez la conversation. Un tournoi est une comp\u00e9tition mais cela doit \u00eatre avant tout un moment de plaisir.<br class=\"autobr\" \/> Apr\u00e8s l\u2019\u00e9chauffement, vous vous souhaitez bonne chance, ou plut\u00f4t \u00ab\u00a0bon match\u00a0\u00bb.<br class=\"autobr\" \/> Apr\u00e8s le match, vous vous serrez la main. En doubles, vous f\u00e9liciterez votre partenaire puis vos adversaires. <br class=\"autobr\" \/> Enfin, si vous avez gagn\u00e9 et que le match se d\u00e9roule en auto-arbitrage, c\u2019est \u00e0 vous de remplir la feuille et de l\u2019apporter \u00e0 la table de marque.<\/p>\n<p><strong><br class=\"autobr\" \/> Les fautes<\/strong><\/p>\n<p>Il y a \u00ab\u00a0faute\u00a0\u00bb si\u00a0:<br class=\"autobr\" \/> \u2022 le volant, au moment du service, est frapp\u00e9 au dessus de la taille du serveur,<br class=\"autobr\" \/> \u2022 le volant, au moment du service, ne retombe pas dans la zone de service adverse situ\u00e9e en diagonale,<br class=\"autobr\" \/> \u2022 les pieds du serveur touchent les lignes ou ne sont pas situ\u00e9s dans la zone de service \u00e0 partir de laquelle le service a \u00e9t\u00e9 ex\u00e9cut\u00e9,<br class=\"autobr\" \/> \u2022 le volant tombe en dehors des limites du terrain (un volant dont la base tombe sur la ligne est bon),<br class=\"autobr\" \/> \u2022 la raquette ou les v\u00eatements d\u2019un joueur touchent le filet alors que le volant est en jeu,<br class=\"autobr\" \/> \u2022 le joueur frappe le volant au dessus du filet dans le camp adverse (on peut toutefois \u00ab\u00a0suivre\u00a0\u00bb le volant par-dessus le filet avec sa raquette au cours de l\u2019ex\u00e9cution d\u2019un coup),<br class=\"autobr\" \/> \u2022 le volant est port\u00e9 puis lanc\u00e9 lors de l\u2019ex\u00e9cution d\u2019un coup,<br class=\"autobr\" \/> \u2022 le volant est frapp\u00e9 deux fois de suite par le m\u00eame joueur. Toutefois, il n\u2019y a pas \u00ab\u00a0faute\u00a0\u00bb si le volant touche la t\u00eate de raquette et le cordage en un seul coup,<br class=\"autobr\" \/> \u2022 le volant est frapp\u00e9 successivement par un joueur et son partenaire,<br class=\"autobr\" \/> \u2022 le volant touche le corps ou les v\u00eatements d\u2019un joueur, le plafond ou tout objet en dehors du terrain,<br class=\"autobr\" \/> \u2022 le joueur a une conduite offensante ou persiste apr\u00e8s avoir re\u00e7u un avertissement,<br class=\"autobr\" \/> \u2022 le partenaire du receveur renvoie le service,<br class=\"autobr\" \/> \u2022 le serveur, en essayant de servir, manque le volant,<br class=\"autobr\" \/> \u2022 le volant touche le filet ou un poteau et commence \u00e0 tomber vers la surface du terrain du c\u00f4t\u00e9 du joueur qui a frapp\u00e9 le volant.<\/p>\n<p><strong>Il y a un \u00ab\u00a0let\u00a0\u00bb si\u00a0:<\/strong><\/p>\n<p>\u2022 le serveur sert avant que le receveur ne soit pr\u00eat,<br class=\"autobr\" \/> \u2022 au moment du service, le serveur et le receveur commettent simultan\u00e9ment une \u00ab\u00a0faute\u00a0\u00bb,<br class=\"autobr\" \/> \u2022 le volant est pris sur le filet et reste suspendu, ou si, apr\u00e8s l\u2019avoir franchi il est pris dans le filet, sauf au service,<br class=\"autobr\" \/> \u2022 pendant l\u2019\u00e9change le volant se d\u00e9sint\u00e8gre et la base se s\u00e9pare compl\u00e8tement du reste du volant,<br class=\"autobr\" \/> \u2022 il se passe un \u00e9v\u00e8nement impr\u00e9vu ou accidentel.<\/p>\n<p>Si un \u00ab\u00a0let\u00a0\u00bb se produit, l\u2019\u00e9change depuis le dernier service ne compte pas et le joueur qui a servi sert \u00e0 nouveau.<\/p>\n<\/div>\n<\/div>\n","protected":false},"excerpt":{"rendered":"<p>Le Badminton est un sport \u00e0 la base relativement simple, agr\u00e9ment\u00e9 par la suite de r\u00e8gles plus rigoureuses mettant du<\/p>\n","protected":false},"author":2,"featured_media":0,"parent":25,"menu_order":2,"comment_status":"closed","ping_status":"closed","template":"","meta":{"colormag_page_layout":"default_layout","footnotes":""},"class_list":["post-42","page","type-page","status-publish","hentry"],"_links":{"self":[{"href":"http:\/\/abbc28.fr\/index.php?rest_route=\/wp\/v2\/pages\/42","targetHints":{"allow":["GET"]}}],"collection":[{"href":"http:\/\/abbc28.fr\/index.php?rest_route=\/wp\/v2\/pages"}],"about":[{"href":"http:\/\/abbc28.fr\/index.php?rest_route=\/wp\/v2\/types\/page"}],"author":[{"embeddable":true,"href":"http:\/\/abbc28.fr\/index.php?rest_route=\/wp\/v2\/users\/2"}],"replies":[{"embeddable":true,"href":"http:\/\/abbc28.fr\/index.php?rest_route=%2Fwp%2Fv2%2Fcomments&post=42"}],"version-history":[{"count":1,"href":"http:\/\/abbc28.fr\/index.php?rest_route=\/wp\/v2\/pages\/42\/revisions"}],"predecessor-version":[{"id":43,"href":"http:\/\/abbc28.fr\/index.php?rest_route=\/wp\/v2\/pages\/42\/revisions\/43"}],"up":[{"embeddable":true,"href":"http:\/\/abbc28.fr\/index.php?rest_route=\/wp\/v2\/pages\/25"}],"wp:attachment":[{"href":"http:\/\/abbc28.fr\/index.php?rest_route=%2Fwp%2Fv2%2Fmedia&parent=42"}],"curies":[{"name":"wp","href":"https:\/\/api.w.org\/{rel}","templated":true}]}}