{"id":231,"date":"2016-11-22T09:42:22","date_gmt":"2016-11-22T08:42:22","guid":{"rendered":"http:\/\/abbc28.fr\/?page_id=231"},"modified":"2024-08-16T11:01:38","modified_gmt":"2024-08-16T10:01:38","slug":"tdj","status":"publish","type":"page","link":"http:\/\/abbc28.fr\/?page_id=231","title":{"rendered":"Circuit D\u00e9partemental Jeunes"},"content":{"rendered":"\n<p>CDJ 1 les 19 &amp; 20 Octobre 2024 \u00e0  Maintenon Pierre<\/p>\n\n\n\n<p>CDJ 2 le 9 &amp; 10 Novembre 2024 \u00e0 Dreux<\/p>\n\n\n\n<p>CDJ 3 les 14 &amp; 15 D\u00e9cembre 2024 \u00e0 Org\u00e8res en Beauce<\/p>\n\n\n\n<p>CDJ 4 les 11 &amp; 12 Janvier 2025 \u00e0 Brou<\/p>\n\n\n\n<p>CDJ 5 les 29 &amp; 30 Mars 2025 \u00e0 Chartres<\/p>\n\n\n\n<p>CDJ 6 les 31 Mai &amp; 1 Juin 2025  \u00e0 Senonches<\/p>\n","protected":false},"excerpt":{"rendered":"<p>CDJ 1 les 19 &amp; 20 Octobre 2024 \u00e0 Maintenon Pierre CDJ 2 le 9 &amp; 10 Novembre 2024 \u00e0<\/p>\n","protected":false},"author":2,"featured_media":0,"parent":70,"menu_order":3,"comment_status":"closed","ping_status":"closed","template":"","meta":{"colormag_page_layout":"default_layout","footnotes":""},"class_list":["post-231","page","type-page","status-publish","hentry"],"_links":{"self":[{"href":"http:\/\/abbc28.fr\/index.php?rest_route=\/wp\/v2\/pages\/231","targetHints":{"allow":["GET"]}}],"collection":[{"href":"http:\/\/abbc28.fr\/index.php?rest_route=\/wp\/v2\/pages"}],"about":[{"href":"http:\/\/abbc28.fr\/index.php?rest_route=\/wp\/v2\/types\/page"}],"author":[{"embeddable":true,"href":"http:\/\/abbc28.fr\/index.php?rest_route=\/wp\/v2\/users\/2"}],"replies":[{"embeddable":true,"href":"http:\/\/abbc28.fr\/index.php?rest_route=%2Fwp%2Fv2%2Fcomments&post=231"}],"version-history":[{"count":12,"href":"http:\/\/abbc28.fr\/index.php?rest_route=\/wp\/v2\/pages\/231\/revisions"}],"predecessor-version":[{"id":1947,"href":"http:\/\/abbc28.fr\/index.php?rest_route=\/wp\/v2\/pages\/231\/revisions\/1947"}],"up":[{"embeddable":true,"href":"http:\/\/abbc28.fr\/index.php?rest_route=\/wp\/v2\/pages\/70"}],"wp:attachment":[{"href":"http:\/\/abbc28.fr\/index.php?rest_route=%2Fwp%2Fv2%2Fmedia&parent=231"}],"curies":[{"name":"wp","href":"https:\/\/api.w.org\/{rel}","templated":true}]}}