{"id":1953,"date":"2024-08-16T11:23:37","date_gmt":"2024-08-16T10:23:37","guid":{"rendered":"http:\/\/abbc28.fr\/?page_id=1953"},"modified":"2024-08-16T11:24:34","modified_gmt":"2024-08-16T10:24:34","slug":"circuit-regional-jeunes","status":"publish","type":"page","link":"http:\/\/abbc28.fr\/?page_id=1953","title":{"rendered":"Circuit R\u00e9gional Jeunes"},"content":{"rendered":"\n<ul class=\"wp-block-list\">\n<li>CRJ 1 en Simple le 14 Septembre 2024 \u00e0 Chatillon sur Loire (45)<\/li>\n\n\n\n<li>CRJ 2 en Simple le 19 Octobre 2024 \u00e0 Mor\u00e9e (41)<\/li>\n\n\n\n<li>CRJ 3 en Doubles le 23 Novembre 2024 \u00e0 Chateau Renault ( 37)<\/li>\n\n\n\n<li>CRJ 4 en Simple le 14 d\u00e9cembre 2024 \u00e0 Orl\u00e9ans (45)<\/li>\n\n\n\n<li>CRJ 5 en Doubles le 29 Mars 2025 \u00e0 La Chatre (36)<\/li>\n\n\n\n<li>CRJ 6 en Simple le 17 Mai 2025 \u00e0 Nogent le Roi (28)<br><\/li>\n<\/ul>\n","protected":false},"excerpt":{"rendered":"","protected":false},"author":5,"featured_media":0,"parent":70,"menu_order":0,"comment_status":"closed","ping_status":"closed","template":"","meta":{"colormag_page_layout":"default_layout","footnotes":""},"class_list":["post-1953","page","type-page","status-publish","hentry"],"_links":{"self":[{"href":"http:\/\/abbc28.fr\/index.php?rest_route=\/wp\/v2\/pages\/1953","targetHints":{"allow":["GET"]}}],"collection":[{"href":"http:\/\/abbc28.fr\/index.php?rest_route=\/wp\/v2\/pages"}],"about":[{"href":"http:\/\/abbc28.fr\/index.php?rest_route=\/wp\/v2\/types\/page"}],"author":[{"embeddable":true,"href":"http:\/\/abbc28.fr\/index.php?rest_route=\/wp\/v2\/users\/5"}],"replies":[{"embeddable":true,"href":"http:\/\/abbc28.fr\/index.php?rest_route=%2Fwp%2Fv2%2Fcomments&post=1953"}],"version-history":[{"count":2,"href":"http:\/\/abbc28.fr\/index.php?rest_route=\/wp\/v2\/pages\/1953\/revisions"}],"predecessor-version":[{"id":1956,"href":"http:\/\/abbc28.fr\/index.php?rest_route=\/wp\/v2\/pages\/1953\/revisions\/1956"}],"up":[{"embeddable":true,"href":"http:\/\/abbc28.fr\/index.php?rest_route=\/wp\/v2\/pages\/70"}],"wp:attachment":[{"href":"http:\/\/abbc28.fr\/index.php?rest_route=%2Fwp%2Fv2%2Fmedia&parent=1953"}],"curies":[{"name":"wp","href":"https:\/\/api.w.org\/{rel}","templated":true}]}}