{"id":19,"date":"2016-05-26T15:55:07","date_gmt":"2016-05-26T14:55:07","guid":{"rendered":"http:\/\/abbc28.fr\/?page_id=19"},"modified":"2024-08-30T05:56:50","modified_gmt":"2024-08-30T04:56:50","slug":"assemblee-generale","status":"publish","type":"page","link":"http:\/\/abbc28.fr\/?page_id=19","title":{"rendered":"Assembl\u00e9e g\u00e9n\u00e9rale"},"content":{"rendered":"<p><strong>2024 :<br \/>\n<\/strong>Consultez le document :\u00a0<a href=\"http:\/\/abbc28.fr\/wp-content\/uploads\/2024\/08\/CR-de-lAG-2024001.pdf\">ag 2024<\/a><\/p>\n<p><strong>2023 :<br \/>\n<\/strong>Consultez le document :\u00a0<a href=\"http:\/\/abbc28.fr\/wp-content\/uploads\/2023\/09\/ASSEMBLEE-GENERALE-30-JUIN-2023.pdf\">ag 2023<\/a><\/p>\n<p><strong>2022 :<br \/>\n<\/strong>Consultez le document :\u00a0<a href=\"http:\/\/abbc28.fr\/wp-content\/uploads\/2022\/06\/ASSEMBLEE-GENERALE-10-JUIN-2022.pdf\">ag 2022<\/a><\/p>\n<p><strong>2021 :<br \/>\n<\/strong>Consultez le document :\u00a0<a href=\"http:\/\/abbc28.fr\/wp-content\/uploads\/2021\/06\/COMPTE-RENDU-ASSEMBLLEE-GENERALE-DU-19-JUIN-2021.pdf\" target=\"_blank\" rel=\"noopener noreferrer\">ag 2021<\/a><strong><br \/>\n<\/strong><\/p>\n<p><strong>2020 :<br \/>\n<\/strong>Consultez le document :\u00a0<a href=\"http:\/\/abbc28.fr\/wp-content\/uploads\/2021\/06\/Compte-rendu-A-G-du-5.12.2020.pdf\" target=\"_blank\" rel=\"noopener noreferrer\">ag 2020<\/a><\/p>\n<p><strong>2019 :<br \/>\n<\/strong>Consultez le document :\u00a0<a href=\"http:\/\/abbc28.fr\/wp-content\/uploads\/2019\/06\/Compte-rendu-Assemblee-Generale-Ordinaire-2019-24052019-1.pdf\" target=\"_blank\" rel=\"noopener noreferrer\">ag 2019<\/a><\/p>\n<p><strong>2018 :<br \/>\n<\/strong>Consultez le document : <a href=\"http:\/\/abbc28.fr\/wp-content\/uploads\/2018\/06\/Compte-rendu-Assembl\u00e9e-G\u00e9n\u00e9rale-Ordinaire-2018-28052018.docx\" target=\"_blank\" rel=\"noopener noreferrer\">ag_2018<\/a><\/p>\n<p><strong>2017 :<br \/>\n<\/strong>Consultez le document : <a href=\"http:\/\/abbc28.fr\/wp-content\/uploads\/2016\/05\/Compte-rendu-Assemblee-Generale-Ordinaire-2017-070617.pdf\">ag_2017<\/a><\/p>\n<p><strong>2016 :<br \/>\n<\/strong>Consultez le document : <a href=\"http:\/\/abbc28.fr\/wp-content\/uploads\/2016\/05\/ag_2016.pdf\">ag_2016<\/a><\/p>\n<p><strong>2015 :<br \/>\n<\/strong>Consultez le document : <a href=\"http:\/\/abbc28.fr\/wp-content\/uploads\/2016\/05\/ag_cr_11062015.pdf\">ag_2015<\/a><\/p>\n<p><strong>2014 :<br \/>\n<\/strong>Consultez le document : <a href=\"http:\/\/abbc28.fr\/wp-content\/uploads\/2016\/05\/ag_2014.pdf\">ag_2014<\/a><\/p>\n<p><strong>2013 :<br \/>\n<\/strong><span style=\"font-size: inherit;\">Consultez le document : <\/span><a style=\"font-size: inherit;\" href=\"http:\/\/abbc28.fr\/wp-content\/uploads\/2016\/05\/ag_2013.pdf\">ag_2013<\/a><\/p>\n","protected":false},"excerpt":{"rendered":"<p>2024 : Consultez le document :\u00a0ag 2024 2023 : Consultez le document :\u00a0ag 2023 2022 : Consultez le document :\u00a0ag<\/p>\n","protected":false},"author":2,"featured_media":0,"parent":2,"menu_order":3,"comment_status":"closed","ping_status":"closed","template":"","meta":{"colormag_page_layout":"default_layout","footnotes":""},"class_list":["post-19","page","type-page","status-publish","hentry"],"_links":{"self":[{"href":"http:\/\/abbc28.fr\/index.php?rest_route=\/wp\/v2\/pages\/19","targetHints":{"allow":["GET"]}}],"collection":[{"href":"http:\/\/abbc28.fr\/index.php?rest_route=\/wp\/v2\/pages"}],"about":[{"href":"http:\/\/abbc28.fr\/index.php?rest_route=\/wp\/v2\/types\/page"}],"author":[{"embeddable":true,"href":"http:\/\/abbc28.fr\/index.php?rest_route=\/wp\/v2\/users\/2"}],"replies":[{"embeddable":true,"href":"http:\/\/abbc28.fr\/index.php?rest_route=%2Fwp%2Fv2%2Fcomments&post=19"}],"version-history":[{"count":20,"href":"http:\/\/abbc28.fr\/index.php?rest_route=\/wp\/v2\/pages\/19\/revisions"}],"predecessor-version":[{"id":1974,"href":"http:\/\/abbc28.fr\/index.php?rest_route=\/wp\/v2\/pages\/19\/revisions\/1974"}],"up":[{"embeddable":true,"href":"http:\/\/abbc28.fr\/index.php?rest_route=\/wp\/v2\/pages\/2"}],"wp:attachment":[{"href":"http:\/\/abbc28.fr\/index.php?rest_route=%2Fwp%2Fv2%2Fmedia&parent=19"}],"curies":[{"name":"wp","href":"https:\/\/api.w.org\/{rel}","templated":true}]}}