{"id":177,"date":"2016-06-15T10:00:58","date_gmt":"2016-06-15T09:00:58","guid":{"rendered":"http:\/\/abbc28.fr\/?page_id=177"},"modified":"2025-10-06T19:05:52","modified_gmt":"2025-10-06T18:05:52","slug":"tournois","status":"publish","type":"page","link":"http:\/\/abbc28.fr\/?page_id=177","title":{"rendered":"Tournois"},"content":{"rendered":"<p>Bonjour badistes de l&rsquo;ABBC,<\/p>\n<p>Comme pour les saisons pr\u00e9c\u00e9dentes, vous avez tous en tant que licenci\u00e9 FFBAD la possibilit\u00e9 de participer aux comp\u00e9titions officielles usuellement appel\u00e9es &lsquo;tournois priv\u00e9s&rsquo;.<\/p>\n<p>Ci-joint le calendrier du CODEP 28 pour les dates pr\u00e9vues en Eure et Loir&#8230;.<\/p>\n<p><a href=\"http:\/\/abbc28.fr\/wp-content\/uploads\/2025\/10\/Comite-28-2025-2026-Version-5.xlsx\">Planning V5<\/a><\/p>\n<p>&#8211; R\u00e8gle d&rsquo;or pour une inscription en tournoi: <span style=\"color: #ff0000;\">ANTICIPER !<\/span><br \/>\nBeaucoup de comp\u00e9titions sont victimes de leur succ\u00e8s et contraintes de refuser\/mettre certains participants en liste d&rsquo;attente. Souvent les clubs appliquent la r\u00e8gle &lsquo;premier arriv\u00e9 = premier servi&rsquo;<\/p>\n<p>Si vous souhaitez participer \u00e0 un tournoi merci de suivre les indications suivantes:<br \/>\n&#8211; Remonter votre souhait par email \u00e0 l&rsquo;adresse : <strong>tournoiabbc@gmail.com<\/strong><br \/>\n&#8211;<span style=\"color: #0000ff;\"> <strong>Le r\u00e8glement pour votre participation aux tournois est prise en charge par le club.<\/strong><\/span><br \/>\n&#8211; Merci de respecter un d\u00e9lai de 5 semaines avant comp\u00e9tition pour votre demande d&rsquo;inscription et paiement.<br \/>\n&#8211; Par d\u00e9faut vous serez inscrit dans la s\u00e9rie correspondant \u00e0 votre classement.<br \/>\n&#8211; Pour une inscription en double avec un partenaire d&rsquo;un autre club: pr\u00e9ciser son nom\/pr\u00e9nom\/club\/n\u00b0 de licence. Votre partenaire devra r\u00e9gler sa participation de son cot\u00e9.<\/p>\n<p>Quel que soit le tournoi, les organisateurs imposent un formulaire d&rsquo;inscription unique par club; Nous vous remercions donc de passer pour toutes vos inscriptions par le club, qui centralisera.<br \/>\nABBC a enregistr\u00e9 plusieurs belles victoires et multiples places d&rsquo;honneur l&rsquo;an pass\u00e9&#8230; \u00e0 vous de jouer pour faire encore mieux !<\/p>\n<p><strong><span style=\"color: #ff0000;\">Premi\u00e8re date \u00e0 retenir : notre tournoi ABBC les 1 &amp; 2 Novembre 2025 \u00e0 B\u00fb.<\/span><\/strong><\/p>\n<p>Sportivement<br \/>\nle Bureau ABBC<\/p>\n","protected":false},"excerpt":{"rendered":"<p>Bonjour badistes de l&rsquo;ABBC, Comme pour les saisons pr\u00e9c\u00e9dentes, vous avez tous en tant que licenci\u00e9 FFBAD la possibilit\u00e9 de<\/p>\n","protected":false},"author":2,"featured_media":0,"parent":0,"menu_order":0,"comment_status":"closed","ping_status":"closed","template":"","meta":{"colormag_page_layout":"no_sidebar_content_centered","footnotes":""},"class_list":["post-177","page","type-page","status-publish","hentry"],"_links":{"self":[{"href":"http:\/\/abbc28.fr\/index.php?rest_route=\/wp\/v2\/pages\/177","targetHints":{"allow":["GET"]}}],"collection":[{"href":"http:\/\/abbc28.fr\/index.php?rest_route=\/wp\/v2\/pages"}],"about":[{"href":"http:\/\/abbc28.fr\/index.php?rest_route=\/wp\/v2\/types\/page"}],"author":[{"embeddable":true,"href":"http:\/\/abbc28.fr\/index.php?rest_route=\/wp\/v2\/users\/2"}],"replies":[{"embeddable":true,"href":"http:\/\/abbc28.fr\/index.php?rest_route=%2Fwp%2Fv2%2Fcomments&post=177"}],"version-history":[{"count":61,"href":"http:\/\/abbc28.fr\/index.php?rest_route=\/wp\/v2\/pages\/177\/revisions"}],"predecessor-version":[{"id":2077,"href":"http:\/\/abbc28.fr\/index.php?rest_route=\/wp\/v2\/pages\/177\/revisions\/2077"}],"wp:attachment":[{"href":"http:\/\/abbc28.fr\/index.php?rest_route=%2Fwp%2Fv2%2Fmedia&parent=177"}],"curies":[{"name":"wp","href":"https:\/\/api.w.org\/{rel}","templated":true}]}}