{"id":153,"date":"2016-06-07T14:08:13","date_gmt":"2016-06-07T13:08:13","guid":{"rendered":"http:\/\/abbc28.fr\/?page_id=153"},"modified":"2025-09-30T12:39:00","modified_gmt":"2025-09-30T11:39:00","slug":"mentions-legales","status":"publish","type":"page","link":"http:\/\/abbc28.fr\/?page_id=153","title":{"rendered":"Mentions l\u00e9gales"},"content":{"rendered":"<p><strong>Directeur de la publication<\/strong><br \/>\nAnthony LINGET, pr\u00e9sident de l&rsquo;ABBC.<\/p>\n<p><strong>Administrateur du site: <\/strong>Christophe<\/p>\n<p><strong>Webmestre: <\/strong>Christophe<\/p>\n<p><strong>H\u00e9bergement: <\/strong>OVH.com<\/p>\n<p><strong>Conception du site: <\/strong>Le site ABBC a \u00e9t\u00e9 r\u00e9alis\u00e9 avec le logiciel WordPress, le th\u00e8me utilis\u00e9 est ColorMag by ThemeGrill.<\/p>\n<p><strong>Cr\u00e9dits photos: <\/strong>L\u2019image du bandeau provient de Flickr\u00a0: Photo by Ryanne Lai <a href=\"http:\/\/www.flickr.com\/photos\/laihiu\/406940478\/\">http:\/\/www.flickr.com\/photos\/laihiu\/406940478\/<\/a><\/p>\n<p>&#8211; &#8211; &#8211; &#8211; &#8211; &#8211; &#8211; &#8211; &#8211; &#8211; &#8211; &#8211; &#8211; &#8211; &#8211; &#8211; &#8211; &#8211; &#8211; &#8211; &#8211; &#8211; &#8211; &#8211; &#8211; &#8211; &#8211; &#8211; &#8211; &#8211; &#8211; &#8211; &#8211; &#8211; &#8211; &#8211; &#8211; &#8211; &#8211; &#8211; &#8211; &#8211; &#8211; &#8211; &#8211; &#8211; &#8211; &#8211; &#8211; &#8211; &#8211; &#8211; &#8211; &#8211; &#8211; &#8211; &#8211; &#8211; &#8211; &#8211; &#8211; &#8211; &#8211; &#8211; &#8211; &#8211;<\/p>\n<p><strong>Protection des donn\u00e9es personnelles ou nominatives<\/strong><\/p>\n<p>Loi n\u00b078-17 du 6 janvier 1978 relative \u00e0 l\u2019informatique, aux fichiers et aux libert\u00e9s. Vous disposez d\u2019un droit d\u2019acc\u00e8s, de modification, de rectification et de suppression des donn\u00e9es qui vous concernent (article 34 de la loi).<\/p>\n<p>Ce droit peut s\u2019exercer directement en \u00e9crivant \u00e0 l\u2019adresse \u00e9lectronique suivante\u00a0:\u00a0abbcbad28@mail.fr \u00a0ou par courrier \u00e0 l\u2019adresse mentionn\u00e9e ci-dessus\u00a0:<\/p>\n<p>Anet B\u00fb Badminton Club ,\u00a0<i>21 chemin du gros ch\u00eane <\/i>28260 Sorel Moussel<\/p>\n<p>&#8211; &#8211; &#8211; &#8211; &#8211; &#8211; &#8211; &#8211; &#8211; &#8211; &#8211; &#8211; &#8211; &#8211; &#8211; &#8211; &#8211; &#8211; &#8211; &#8211; &#8211; &#8211; &#8211; &#8211; &#8211; &#8211; &#8211; &#8211; &#8211; &#8211; &#8211; &#8211; &#8211; &#8211; &#8211; &#8211; &#8211; &#8211; &#8211; &#8211; &#8211; &#8211; &#8211; &#8211; &#8211; &#8211; &#8211; &#8211; &#8211; &#8211; &#8211; &#8211; &#8211; &#8211; &#8211; &#8211; &#8211; &#8211; &#8211; &#8211; &#8211; &#8211; &#8211; &#8211; &#8211; &#8211;<\/p>\n<p><strong>Copyright<\/strong><\/p>\n<p>Le site <a href=\"http:\/\/www.abbc28.fr\">http:\/\/www.abbc28.fr\/<\/a> rel\u00e8ve de la l\u00e9gislation fran\u00e7aise sur le droit d\u2019auteur et la propri\u00e9t\u00e9 intellectuelle. Tous les droits de reproduction sont r\u00e9serv\u00e9s, y compris pour les documents t\u00e9l\u00e9chargeables, les repr\u00e9sentations photographiques et iconographiques. La reproduction de tout ou partie du site sur un support \u00e9lectronique est formellement interdite.<\/p>\n","protected":false},"excerpt":{"rendered":"<p>Directeur de la publication Anthony LINGET, pr\u00e9sident de l&rsquo;ABBC. Administrateur du site: Christophe Webmestre: Christophe H\u00e9bergement: OVH.com Conception du site:<\/p>\n","protected":false},"author":2,"featured_media":0,"parent":0,"menu_order":0,"comment_status":"closed","ping_status":"closed","template":"","meta":{"colormag_page_layout":"default_layout","footnotes":""},"class_list":["post-153","page","type-page","status-publish","hentry"],"_links":{"self":[{"href":"http:\/\/abbc28.fr\/index.php?rest_route=\/wp\/v2\/pages\/153","targetHints":{"allow":["GET"]}}],"collection":[{"href":"http:\/\/abbc28.fr\/index.php?rest_route=\/wp\/v2\/pages"}],"about":[{"href":"http:\/\/abbc28.fr\/index.php?rest_route=\/wp\/v2\/types\/page"}],"author":[{"embeddable":true,"href":"http:\/\/abbc28.fr\/index.php?rest_route=\/wp\/v2\/users\/2"}],"replies":[{"embeddable":true,"href":"http:\/\/abbc28.fr\/index.php?rest_route=%2Fwp%2Fv2%2Fcomments&post=153"}],"version-history":[{"count":6,"href":"http:\/\/abbc28.fr\/index.php?rest_route=\/wp\/v2\/pages\/153\/revisions"}],"predecessor-version":[{"id":2074,"href":"http:\/\/abbc28.fr\/index.php?rest_route=\/wp\/v2\/pages\/153\/revisions\/2074"}],"wp:attachment":[{"href":"http:\/\/abbc28.fr\/index.php?rest_route=%2Fwp%2Fv2%2Fmedia&parent=153"}],"curies":[{"name":"wp","href":"https:\/\/api.w.org\/{rel}","templated":true}]}}