{"id":1520,"date":"2022-07-23T08:25:37","date_gmt":"2022-07-23T07:25:37","guid":{"rendered":"http:\/\/abbc28.fr\/?page_id=1520"},"modified":"2023-09-06T12:37:06","modified_gmt":"2023-09-06T11:37:06","slug":"tdj-2021-2022","status":"publish","type":"page","link":"http:\/\/abbc28.fr\/?page_id=1520","title":{"rendered":"TDJ 2022-2023"},"content":{"rendered":"\n<p>TDJ 1 22 oct 2022 \u00e0 Bonneval<br>TDJ 2 19 novembre 2022 \u00e0 Org\u00e8res en Beauce<br>TDJ 3 14 et 15 janvier 2023 \u00e0 Fontaine la Guyon<br>TDJ 4\u00a0 8 avril 2023 \u00e0 Maintenon-Pierres<br>TDJ 5\u00a0 13 mai 2023 \u00e0 Brou<br>TDJ 6 17 et 18 juin 2023 \u00e0 Nogent le Roi<\/p>\n","protected":false},"excerpt":{"rendered":"<p>TDJ 1 22 oct 2022 \u00e0 BonnevalTDJ 2 19 novembre 2022 \u00e0 Org\u00e8res en BeauceTDJ 3 14 et 15 janvier<\/p>\n","protected":false},"author":5,"featured_media":0,"parent":0,"menu_order":0,"comment_status":"closed","ping_status":"closed","template":"","meta":{"colormag_page_layout":"default_layout","footnotes":""},"class_list":["post-1520","page","type-page","status-publish","hentry"],"_links":{"self":[{"href":"http:\/\/abbc28.fr\/index.php?rest_route=\/wp\/v2\/pages\/1520","targetHints":{"allow":["GET"]}}],"collection":[{"href":"http:\/\/abbc28.fr\/index.php?rest_route=\/wp\/v2\/pages"}],"about":[{"href":"http:\/\/abbc28.fr\/index.php?rest_route=\/wp\/v2\/types\/page"}],"author":[{"embeddable":true,"href":"http:\/\/abbc28.fr\/index.php?rest_route=\/wp\/v2\/users\/5"}],"replies":[{"embeddable":true,"href":"http:\/\/abbc28.fr\/index.php?rest_route=%2Fwp%2Fv2%2Fcomments&post=1520"}],"version-history":[{"count":4,"href":"http:\/\/abbc28.fr\/index.php?rest_route=\/wp\/v2\/pages\/1520\/revisions"}],"predecessor-version":[{"id":1764,"href":"http:\/\/abbc28.fr\/index.php?rest_route=\/wp\/v2\/pages\/1520\/revisions\/1764"}],"wp:attachment":[{"href":"http:\/\/abbc28.fr\/index.php?rest_route=%2Fwp%2Fv2%2Fmedia&parent=1520"}],"curies":[{"name":"wp","href":"https:\/\/api.w.org\/{rel}","templated":true}]}}