{"id":1170,"date":"2020-07-11T23:46:39","date_gmt":"2020-07-11T22:46:39","guid":{"rendered":"http:\/\/abbc28.fr\/?page_id=1170"},"modified":"2024-08-16T11:08:12","modified_gmt":"2024-08-16T10:08:12","slug":"championnat-departemantal","status":"publish","type":"page","link":"http:\/\/abbc28.fr\/?page_id=1170","title":{"rendered":"Championnat D\u00e9partemental"},"content":{"rendered":"\n<ul class=\"wp-block-list\">\n<li>Championnat d\u00e9partemental V\u00e9t\u00e9rans aura lieu \u00e0 18 &amp;19 Janvier 2025 \u00e0 Mainvilliers<\/li>\n\n\n\n<li>Championnat d\u00e9partemental par s\u00e9ries 7 &amp; 8 D\u00e9cembre 2024 \u00e0 Luc\u00e9.<\/li>\n\n\n\n<li>Championnat d\u00e9partemental jeunes aura lieu les 1 &amp; 2 F\u00e9vrier 2025 \u00e0 Fontaine la Guyon.<\/li>\n\n\n\n<li>Master Comit\u00e9 28 les 3 &amp; 4 Mai 2025 \u00e0 (lieu \u00e0 venir)<\/li>\n<\/ul>\n\n\n\n<p><\/p>\n","protected":false},"excerpt":{"rendered":"","protected":false},"author":5,"featured_media":0,"parent":70,"menu_order":0,"comment_status":"closed","ping_status":"closed","template":"","meta":{"colormag_page_layout":"default_layout","footnotes":""},"class_list":["post-1170","page","type-page","status-publish","hentry"],"_links":{"self":[{"href":"http:\/\/abbc28.fr\/index.php?rest_route=\/wp\/v2\/pages\/1170","targetHints":{"allow":["GET"]}}],"collection":[{"href":"http:\/\/abbc28.fr\/index.php?rest_route=\/wp\/v2\/pages"}],"about":[{"href":"http:\/\/abbc28.fr\/index.php?rest_route=\/wp\/v2\/types\/page"}],"author":[{"embeddable":true,"href":"http:\/\/abbc28.fr\/index.php?rest_route=\/wp\/v2\/users\/5"}],"replies":[{"embeddable":true,"href":"http:\/\/abbc28.fr\/index.php?rest_route=%2Fwp%2Fv2%2Fcomments&post=1170"}],"version-history":[{"count":11,"href":"http:\/\/abbc28.fr\/index.php?rest_route=\/wp\/v2\/pages\/1170\/revisions"}],"predecessor-version":[{"id":1949,"href":"http:\/\/abbc28.fr\/index.php?rest_route=\/wp\/v2\/pages\/1170\/revisions\/1949"}],"up":[{"embeddable":true,"href":"http:\/\/abbc28.fr\/index.php?rest_route=\/wp\/v2\/pages\/70"}],"wp:attachment":[{"href":"http:\/\/abbc28.fr\/index.php?rest_route=%2Fwp%2Fv2%2Fmedia&parent=1170"}],"curies":[{"name":"wp","href":"https:\/\/api.w.org\/{rel}","templated":true}]}}