{"id":11,"date":"2016-05-25T12:24:45","date_gmt":"2016-05-25T11:24:45","guid":{"rendered":"http:\/\/abbc28.fr\/?page_id=11"},"modified":"2022-07-23T08:37:56","modified_gmt":"2022-07-23T07:37:56","slug":"presentation","status":"publish","type":"page","link":"http:\/\/abbc28.fr\/?page_id=11","title":{"rendered":"Pr\u00e9sentation"},"content":{"rendered":"<div class=\"padd-post-item-entry\">\n<div class=\"texte\">\n<p>Notre club a vu le jour avec la cr\u00e9ation de l\u2019association ABBC (Anet B\u00fb Badminton Club) le 27 ao\u00fbt 2011 \u00e0 Anet, avec le soutien du club de Dreux et du Comit\u00e9 d\u00e9partemental de badminton d\u2019Eure-et-Loir.<\/p>\n<p>L\u2019objectif de ce club est de faire d\u00e9couvrir le badminton, que ce soit en loisir ou en comp\u00e9tition, \u00e0 l\u2019ensemble de ses membres.<\/p>\n<p>Install\u00e9 au nord du d\u00e9partement d\u2019Eure-et-Loir, le club propose plusieurs cr\u00e9neaux horaires qui ont lieu dans les gymnases de deux communes\u00a0: Anet et B\u00fb.<\/p>\n<p>N\u2019h\u00e9sitez pas \u00e0 consulter les diff\u00e9rentes rubriques de notre site afin d\u2019obtenir plus d\u2019information.<\/p>\n<p>A bient\u00f4t\u00a0!<\/p>\n<blockquote><p>L\u2019\u00e9quipe de direction<\/p><\/blockquote>\n<\/div>\n<\/div>\n","protected":false},"excerpt":{"rendered":"<p>Notre club a vu le jour avec la cr\u00e9ation de l\u2019association ABBC (Anet B\u00fb Badminton Club) le 27 ao\u00fbt 2011<\/p>\n","protected":false},"author":2,"featured_media":0,"parent":2,"menu_order":1,"comment_status":"closed","ping_status":"closed","template":"","meta":{"colormag_page_layout":"default_layout","footnotes":""},"class_list":["post-11","page","type-page","status-publish","hentry"],"_links":{"self":[{"href":"http:\/\/abbc28.fr\/index.php?rest_route=\/wp\/v2\/pages\/11","targetHints":{"allow":["GET"]}}],"collection":[{"href":"http:\/\/abbc28.fr\/index.php?rest_route=\/wp\/v2\/pages"}],"about":[{"href":"http:\/\/abbc28.fr\/index.php?rest_route=\/wp\/v2\/types\/page"}],"author":[{"embeddable":true,"href":"http:\/\/abbc28.fr\/index.php?rest_route=\/wp\/v2\/users\/2"}],"replies":[{"embeddable":true,"href":"http:\/\/abbc28.fr\/index.php?rest_route=%2Fwp%2Fv2%2Fcomments&post=11"}],"version-history":[{"count":2,"href":"http:\/\/abbc28.fr\/index.php?rest_route=\/wp\/v2\/pages\/11\/revisions"}],"predecessor-version":[{"id":13,"href":"http:\/\/abbc28.fr\/index.php?rest_route=\/wp\/v2\/pages\/11\/revisions\/13"}],"up":[{"embeddable":true,"href":"http:\/\/abbc28.fr\/index.php?rest_route=\/wp\/v2\/pages\/2"}],"wp:attachment":[{"href":"http:\/\/abbc28.fr\/index.php?rest_route=%2Fwp%2Fv2%2Fmedia&parent=11"}],"curies":[{"name":"wp","href":"https:\/\/api.w.org\/{rel}","templated":true}]}}